{"id":88,"date":"2016-12-30T06:41:52","date_gmt":"2016-12-30T05:41:52","guid":{"rendered":"http:\/\/server\/wordpress\/dec\/wprealestate\/?page_id=88"},"modified":"2018-05-24T11:08:22","modified_gmt":"2018-05-24T09:08:22","slug":"impressium","status":"publish","type":"page","link":"http:\/\/immo-giselabecker.de\/index.php\/impressium\/","title":{"rendered":"Impressium"},"content":{"rendered":"<p>[vc_row][vc_column][vc_column_text]<\/p>\n<h3><\/h3>\n<h3>Angaben gem\u00e4\u00df \u00a7 5 TMG<\/h3>\n<p>Gisela Becker<br \/>\nRaiffeisenstra\u00dfe 6<br \/>\n67259 Beindersheim<\/p>\n<p><strong>Vertreten durch: <\/strong><br \/>\nGisela Becker<\/p>\n<p><strong>Kontakt:<\/strong><br \/>\nTelefon: <strong>06233-71337<\/strong><br \/>\nFax: <strong>06233-737036<\/strong><br \/>\nE-Mail: <a href=\"mailto:immobilien@gisela-becker.de\">immobilien@gisela-becker.de<\/a><\/p>\n<p><strong>Umsatzsteuer-ID: <\/strong><br \/>\nUmsatzsteuer-Identifikationsnummer gem\u00e4\u00df \u00a727a Umsatzsteuergesetz: DE811744730<\/p>\n<p><strong>Aufsichtsbeh\u00f6rde:<\/strong><br \/>\nStadtverwaltung Ludwigshafen am Rhein<\/p>\n<p>Streitschlichtung<br \/>\nDie Europ\u00e4ische Kommission stellt eine Plattform zur Online-Streitbeilegung (OS) bereit:<br \/>\nhttps:\/\/ec.europa.eu\/consumers\/odr<br \/>\nUnsere E-Mail-Adresse finden Sie oben im Impressum.<br \/>\nWir sind nicht bereit oder verpflichtet, an Streitbeilegungsverfahren vor einer<br \/>\nVerbraucherschlichtungsstelle teilzunehmen.<br \/>\nHaftung f\u00fcr Inhalte<br \/>\nAls Diensteanbieter sind wir gem\u00e4\u00df \u00a7 7 Abs.1 TMG f\u00fcr eigene Inhalte auf diesen Seiten nach den<br \/>\nallgemeinen Gesetzen verantwortlich. Nach \u00a7\u00a7 8 bis 10 TMG sind wir als Diensteanbieter jedoch nicht<br \/>\nverpflichtet, \u00fcbermittelte oder gespeicherte fremde Informationen zu \u00fcberwachen oder nach Umst\u00e4nden<br \/>\nzu forschen, die auf eine rechtswidrige T\u00e4tigkeit hinweisen.<br \/>\nVerpflichtungen zur Entfernung oder Sperrung der Nutzung von Informationen nach den allgemeinen<br \/>\nGesetzen bleiben hiervon unber\u00fchrt. Eine diesbez\u00fcgliche Haftung ist jedoch erst ab dem Zeitpunkt der<br \/>\nKenntnis einer konkreten Rechtsverletzung m\u00f6glich. Bei Bekanntwerden von entsprechenden<br \/>\nRechtsverletzungen werden wir diese Inhalte umgehend entfernen.<br \/>\nHaftung f\u00fcr Links<br \/>\nUnser Angebot enth\u00e4lt Links zu externen Websites Dritter, auf deren Inhalte wir keinen Einfluss haben.<br \/>\nDeshalb k\u00f6nnen wir f\u00fcr diese fremden Inhalte auch keine Gew\u00e4hr \u00fcbernehmen. F\u00fcr die Inhalte der<br \/>\nverlinkten Seiten ist stets der jeweilige Anbieter oder Betreiber der Seiten verantwortlich. Die verlinkten<br \/>\nSeiten wurden zum Zeitpunkt der Verlinkung auf m\u00f6gliche Rechtsverst\u00f6\u00dfe \u00fcberpr\u00fcft. Rechtswidrige<br \/>\nInhalte waren zum Zeitpunkt der Verlinkung nicht erkennbar.<br \/>\nEine permanente inhaltliche Kontrolle der verlinkten Seiten ist jedoch ohne konkrete Anhaltspunkte einer<br \/>\nRechtsverletzung nicht zumutbar. Bei Bekanntwerden von Rechtsverletzungen werden wir derartige Links<br \/>\numgehend entfernen.<br \/>\nUrheberrecht<br \/>\nDie durch die Seitenbetreiber erstellten Inhalte und Werke auf diesen Seiten unterliegen dem deutschen<br \/>\nUrheberrecht. Die Vervielf\u00e4ltigung, Bearbeitung, Verbreitung und jede Art der Verwertung au\u00dferhalb der<br \/>\nGrenzen des Urheberrechtes bed\u00fcrfen der schriftlichen Zustimmung des jeweiligen Autors bzw.<br \/>\nErstellers. Downloads und Kopien dieser Seite sind nur f\u00fcr den privaten, nicht kommerziellen Gebrauch<br \/>\ngestattet.<br \/>\nSoweit die Inhalte auf dieser Seite nicht vom Betreiber erstellt wurden, werden die Urheberrechte Dritter<br \/>\nbeachtet. Insbesondere werden Inhalte Dritter als solche gekennzeichnet. Sollten Sie trotzdem auf eine<br \/>\nUrheberrechtsverletzung aufmerksam werden, bitten wir um einen entsprechenden Hinweis. Bei<br \/>\nBekanntwerden von Rechtsverletzungen werden wir derartige Inhalte umgehend entfernen.<\/p>\n<p>&nbsp;<\/p>\n<p><strong>Haftungsausschluss: <\/strong><\/p>\n<p><strong>Haftung f\u00fcr Inhalte<\/strong><\/p>\n<p>Die Inhalte unserer Seiten wurden mit gr\u00f6\u00dfter Sorgfalt erstellt. F\u00fcr die Richtigkeit, Vollst\u00e4ndigkeit und Aktualit\u00e4t der Inhalte k\u00f6nnen wir jedoch keine Gew\u00e4hr \u00fcbernehmen. Als Diensteanbieter sind wir gem\u00e4\u00df \u00a7 7 Abs.1 TMG f\u00fcr eigene Inhalte auf diesen Seiten nach den allgemeinen Gesetzen verantwortlich. Nach \u00a7\u00a7 8 bis 10 TMG sind wir als Diensteanbieter jedoch nicht verpflichtet, \u00fcbermittelte oder gespeicherte fremde Informationen zu \u00fcberwachen oder nach Umst\u00e4nden zu forschen, die auf eine rechtswidrige T\u00e4tigkeit hinweisen. Verpflichtungen zur Entfernung oder Sperrung der Nutzung von Informationen nach den allgemeinen Gesetzen bleiben hiervon unber\u00fchrt. Eine diesbez\u00fcgliche Haftung ist jedoch erst ab dem Zeitpunkt der Kenntnis einer konkreten Rechtsverletzung m\u00f6glich. Bei Bekanntwerden von entsprechenden Rechtsverletzungen werden wir diese Inhalte umgehend entfernen.<\/p>\n<p><strong>Haftung f\u00fcr Links<\/strong><\/p>\n<p>Unser Angebot enth\u00e4lt Links zu externen Webseiten Dritter, auf deren Inhalte wir keinen Einfluss haben. Deshalb k\u00f6nnen wir f\u00fcr diese fremden Inhalte auch keine Gew\u00e4hr \u00fcbernehmen. F\u00fcr die Inhalte der verlinkten Seiten ist stets der jeweilige Anbieter oder Betreiber der Seiten verantwortlich. Die verlinkten Seiten wurden zum Zeitpunkt der Verlinkung auf m\u00f6gliche Rechtsverst\u00f6\u00dfe \u00fcberpr\u00fcft. Rechtswidrige Inhalte waren zum Zeitpunkt der Verlinkung nicht erkennbar. Eine permanente inhaltliche Kontrolle der verlinkten Seiten ist jedoch ohne konkrete Anhaltspunkte einer Rechtsverletzung nicht zumutbar. Bei Bekanntwerden von Rechtsverletzungen werden wir derartige Links umgehend entfernen.<\/p>\n<p><strong>Datenschutz<\/strong><\/p>\n<p>Die Nutzung unserer Webseite ist in der Regel ohne Angabe personenbezogener Daten m\u00f6glich. Soweit auf unseren Seiten personenbezogene Daten (beispielsweise Name, Anschrift oder eMail-Adressen) erhoben werden, erfolgt dies, soweit m\u00f6glich, stets auf freiwilliger Basis. Diese Daten werden ohne Ihre ausdr\u00fcckliche Zustimmung nicht an Dritte weitergegeben.<br \/>\nWir weisen darauf hin, dass die Daten\u00fcbertragung im Internet (z.B. bei der Kommunikation per E-Mail) Sicherheitsl\u00fccken aufweisen kann. Ein l\u00fcckenloser Schutz der Daten vor dem Zugriff durch Dritte ist nicht m\u00f6glich.<br \/>\nDer Nutzung von im Rahmen der Impressumspflicht ver\u00f6ffentlichten Kontaktdaten durch Dritte zur \u00dcbersendung von nicht ausdr\u00fccklich angeforderter Werbung und Informationsmaterialien wird hiermit ausdr\u00fccklich widersprochen. Die Betreiber der Seiten behalten sich ausdr\u00fccklich rechtliche Schritte im Falle der unverlangten Zusendung von Werbeinformationen, etwa durch Spam-Mails, vor.<\/p>\n<p>[\/vc_column_text][\/vc_column][\/vc_row]<\/p>\n","protected":false},"excerpt":{"rendered":"<p>[vc_row][vc_column][vc_column_text] Angaben gem\u00e4\u00df \u00a7 5 TMG Gisela Becker Raiffeisenstra\u00dfe 6 67259 Beindersheim Vertreten durch: Gisela Becker Kontakt: Telefon: 06233-71337 Fax: 06233-737036 E-Mail: immobilien@gisela-becker.de Umsatzsteuer-ID: Umsatzsteuer-Identifikationsnummer gem\u00e4\u00df \u00a727a Umsatzsteuergesetz: DE811744730 Aufsichtsbeh\u00f6rde: Stadtverwaltung Ludwigshafen am Rhein Streitschlichtung Die Europ\u00e4ische Kommission stellt eine Plattform zur Online-Streitbeilegung (OS) bereit: https:\/\/ec.europa.eu\/consumers\/odr Unsere E-Mail-Adresse finden Sie oben im Impressum. Wir sind &hellip; <a href=\"http:\/\/immo-giselabecker.de\/index.php\/impressium\/\" class=\"more-link\">Continue reading <span class=\"screen-reader-text\">Impressium<\/span> &lt;span class=&quot;meta-nav&quot;&gt;&rarr;&lt;\/span&gt;<\/a><\/p>\n","protected":false},"author":1,"featured_media":0,"parent":0,"menu_order":0,"comment_status":"closed","ping_status":"closed","template":"builder-template.php","meta":[],"_links":{"self":[{"href":"http:\/\/immo-giselabecker.de\/index.php\/wp-json\/wp\/v2\/pages\/88"}],"collection":[{"href":"http:\/\/immo-giselabecker.de\/index.php\/wp-json\/wp\/v2\/pages"}],"about":[{"href":"http:\/\/immo-giselabecker.de\/index.php\/wp-json\/wp\/v2\/types\/page"}],"author":[{"embeddable":true,"href":"http:\/\/immo-giselabecker.de\/index.php\/wp-json\/wp\/v2\/users\/1"}],"replies":[{"embeddable":true,"href":"http:\/\/immo-giselabecker.de\/index.php\/wp-json\/wp\/v2\/comments?post=88"}],"version-history":[{"count":23,"href":"http:\/\/immo-giselabecker.de\/index.php\/wp-json\/wp\/v2\/pages\/88\/revisions"}],"predecessor-version":[{"id":529,"href":"http:\/\/immo-giselabecker.de\/index.php\/wp-json\/wp\/v2\/pages\/88\/revisions\/529"}],"wp:attachment":[{"href":"http:\/\/immo-giselabecker.de\/index.php\/wp-json\/wp\/v2\/media?parent=88"}],"curies":[{"name":"wp","href":"https:\/\/api.w.org\/{rel}","templated":true}]}}